{"id":410,"date":"2025-06-28T02:48:17","date_gmt":"2025-06-28T05:48:17","guid":{"rendered":"https:\/\/engemexconstrutora.com\/?page_id=410"},"modified":"2025-10-14T14:49:11","modified_gmt":"2025-10-14T17:49:11","slug":"contato","status":"publish","type":"page","link":"https:\/\/engemexconstrutora.com\/?page_id=410","title":{"rendered":"Contato"},"content":{"rendered":"\t\t<div data-elementor-type=\"wp-page\" data-elementor-id=\"410\" class=\"elementor elementor-410\">\n\t\t\t\t<div class=\"elementor-element elementor-element-1ca08f8 e-flex e-con-boxed e-con e-parent\" data-id=\"1ca08f8\" data-element_type=\"container\" data-settings=\"{&quot;background_background&quot;:&quot;classic&quot;}\">\n\t\t\t\t\t<div class=\"e-con-inner\">\n\t\t<div class=\"elementor-element elementor-element-90bf775 e-con-full e-flex e-con e-child\" data-id=\"90bf775\" data-element_type=\"container\">\n\t\t<div class=\"elementor-element elementor-element-ec93f0c e-con-full e-flex e-con e-child\" data-id=\"ec93f0c\" data-element_type=\"container\">\n\t\t<div class=\"elementor-element elementor-element-efbbcf2 e-con-full e-flex e-con e-child\" data-id=\"efbbcf2\" data-element_type=\"container\">\n\t\t\t\t<div class=\"elementor-element elementor-element-bda82d7 elementor-widget-tablet__width-inherit elementor-invisible elementor-widget elementor-widget-heading\" data-id=\"bda82d7\" data-element_type=\"widget\" data-settings=\"{&quot;_animation&quot;:&quot;fadeInUp&quot;,&quot;_animation_delay&quot;:1000}\" data-widget_type=\"heading.default\">\n\t\t\t\t<div class=\"elementor-widget-container\">\n\t\t\t\t\t<h1 class=\"elementor-heading-title elementor-size-default\">Fale com a Engemex\n<\/h1>\t\t\t\t<\/div>\n\t\t\t\t<\/div>\n\t\t\t\t<div class=\"elementor-element elementor-element-7d0ff45 elementor-widget__width-initial elementor-widget-tablet__width-inherit elementor-invisible elementor-widget elementor-widget-text-editor\" data-id=\"7d0ff45\" data-element_type=\"widget\" data-settings=\"{&quot;_animation&quot;:&quot;fadeInUp&quot;,&quot;_animation_delay&quot;:1500}\" data-widget_type=\"text-editor.default\">\n\t\t\t\t<div class=\"elementor-widget-container\">\n\t\t\t\t\t\t\t\t\t<p>Tire d\u00favidas, solicite or\u00e7amentos ou agende uma visita. Estamos prontos para atender voc\u00ea.<\/p>\t\t\t\t\t\t\t\t<\/div>\n\t\t\t\t<\/div>\n\t\t\t\t<\/div>\n\t\t\t\t<\/div>\n\t\t\t\t<\/div>\n\t\t\t\t\t<\/div>\n\t\t\t\t<\/div>\n\t\t<div class=\"elementor-element elementor-element-cd5ab01 e-flex e-con-boxed e-con e-parent\" data-id=\"cd5ab01\" data-element_type=\"container\">\n\t\t\t\t\t<div class=\"e-con-inner\">\n\t\t<div class=\"elementor-element elementor-element-79444b0 e-con-full e-flex e-con e-child\" data-id=\"79444b0\" data-element_type=\"container\">\n\t\t<div class=\"elementor-element elementor-element-e8bf8a1 e-con-full e-flex e-con e-child\" data-id=\"e8bf8a1\" data-element_type=\"container\">\n\t\t\t\t<div class=\"elementor-element elementor-element-cc96311 elementor-widget elementor-widget-heading\" data-id=\"cc96311\" data-element_type=\"widget\" data-widget_type=\"heading.default\">\n\t\t\t\t<div class=\"elementor-widget-container\">\n\t\t\t\t\t<p class=\"elementor-heading-title elementor-size-default\">Nos envie uma mensagem!<\/p>\t\t\t\t<\/div>\n\t\t\t\t<\/div>\n\t\t\t\t<div class=\"elementor-element elementor-element-639ef76 elementor-widget elementor-widget-text-editor\" data-id=\"639ef76\" data-element_type=\"widget\" data-widget_type=\"text-editor.default\">\n\t\t\t\t<div class=\"elementor-widget-container\">\n\t\t\t\t\t\t\t\t\t<p>Preencha o formul\u00e1rio ao lado e nossa equipe entrar\u00e1 em contato o mais breve poss\u00edvel. Estamos \u00e0 disposi\u00e7\u00e3o para esclarecer d\u00favidas, oferecer suporte ou preparar um or\u00e7amento sob medida para seu projeto.<\/p>\t\t\t\t\t\t\t\t<\/div>\n\t\t\t\t<\/div>\n\t\t\t\t<\/div>\n\t\t<div class=\"elementor-element elementor-element-ab00a33 e-con-full e-flex e-con e-child\" data-id=\"ab00a33\" data-element_type=\"container\">\n\t\t<div class=\"elementor-element elementor-element-9d59cad e-con-full e-flex e-con e-child\" data-id=\"9d59cad\" data-element_type=\"container\" data-settings=\"{&quot;background_background&quot;:&quot;classic&quot;,&quot;position&quot;:&quot;absolute&quot;}\">\n\t\t\t\t<div class=\"elementor-element elementor-element-03ab0a6 elementor-widget elementor-widget-formidable\" data-id=\"03ab0a6\" data-element_type=\"widget\" data-widget_type=\"formidable.default\">\n\t\t\t\t<div class=\"elementor-widget-container\">\n\t\t\t\t\t<div class=\"frm_forms  with_frm_style frm_style_estilo-formidable\" id=\"frm_form_1_container\" >\n<form enctype=\"multipart\/form-data\" method=\"post\" class=\"frm-show-form \" id=\"form_contato\" >\n<div class=\"frm_form_fields \">\n<fieldset>\n<legend class=\"frm_screen_reader\">Contato<\/legend>\r\n\r\n<div class=\"frm_fields_container\">\n<input type=\"hidden\" name=\"frm_action\" value=\"create\" \/>\n<input type=\"hidden\" name=\"form_id\" value=\"1\" \/>\n<input type=\"hidden\" name=\"frm_hide_fields_1\" id=\"frm_hide_fields_1\" value=\"\" \/>\n<input type=\"hidden\" name=\"form_key\" value=\"contato\" \/>\n<input type=\"hidden\" name=\"item_meta[0]\" value=\"\" \/>\n<input type=\"hidden\" id=\"frm_submit_entry_1\" name=\"frm_submit_entry_1\" value=\"076e31e589\" \/><input type=\"hidden\" name=\"_wp_http_referer\" value=\"\/index.php?rest_route=%2Fwp%2Fv2%2Fpages%2F410\" \/><div id=\"frm_field_1_container\" class=\"frm_form_field form-field  frm_required_field frm_top_container frm12 frm_first\">\r\n\t<label for=\"field_qh4icy\" id=\"field_qh4icy_label\" class=\"frm_primary_label\">Nome\r\n\t\t<span class=\"frm_required\" aria-hidden=\"true\">*<\/span>\r\n\t<\/label>\r\n\t<input type=\"text\" id=\"field_qh4icy\" name=\"item_meta[1]\" value=\"\"  data-reqmsg=\"O Nome n\u00e3o pode ficar em branco.\" aria-required=\"true\" data-invmsg=\"Nome \u00e9 inv\u00e1lido\" aria-invalid=\"false\"  \/>\r\n\t\r\n\t\r\n<\/div>\n<div id=\"frm_field_7_container\" class=\"frm_form_field form-field  frm_required_field frm_top_container\">\r\n\t<label for=\"field_pup3w\" id=\"field_pup3w_label\" class=\"frm_primary_label\">Telefone\r\n\t\t<span class=\"frm_required\" aria-hidden=\"true\">*<\/span>\r\n\t<\/label>\r\n\t<input type=\"tel\" id=\"field_pup3w\" name=\"item_meta[7]\" value=\"\"  data-reqmsg=\"O Telefone n\u00e3o pode ficar em branco.\" aria-required=\"true\" data-invmsg=\"Telefone \u00e9 inv\u00e1lido\" aria-invalid=\"false\" pattern=\"((\\+\\d{1,3}(-|.| )?\\(?\\d\\)?(-| |.)?\\d{1,5})|(\\(?\\d{2,6}\\)?))(-|.| )?(\\d{3,4})(-|.| )?(\\d{4})(( x| ext)\\d{1,5}){0,1}$\"  \/>\r\n\t\r\n\t\r\n<\/div>\n<div id=\"frm_field_3_container\" class=\"frm_form_field form-field  frm_required_field frm_top_container frm_full\">\r\n\t<label for=\"field_29yf4d\" id=\"field_29yf4d_label\" class=\"frm_primary_label\">E-mail\r\n\t\t<span class=\"frm_required\" aria-hidden=\"true\">*<\/span>\r\n\t<\/label>\r\n\t<input type=\"email\" id=\"field_29yf4d\" name=\"item_meta[3]\" value=\"\"  data-reqmsg=\"O E-mail n\u00e3o pode ficar em branco.\" aria-required=\"true\" data-invmsg=\"Please enter a valid email address\" aria-invalid=\"false\"  \/>\r\n\t\r\n\t\r\n<\/div>\n<div id=\"frm_field_4_container\" class=\"frm_form_field form-field  frm_required_field frm_top_container frm_full\">\r\n\t<label for=\"field_e6lis6\" id=\"field_e6lis6_label\" class=\"frm_primary_label\">Assunto\r\n\t\t<span class=\"frm_required\" aria-hidden=\"true\">*<\/span>\r\n\t<\/label>\r\n\t<input type=\"text\" id=\"field_e6lis6\" name=\"item_meta[4]\" value=\"\"  data-reqmsg=\"O Assunto n\u00e3o pode ficar em branco.\" aria-required=\"true\" data-invmsg=\"Assunto \u00e9 inv\u00e1lido\" aria-invalid=\"false\"  \/>\r\n\t\r\n\t\r\n<\/div>\n<div id=\"frm_field_5_container\" class=\"frm_form_field form-field  frm_required_field frm_top_container frm_full\">\r\n\t<label for=\"field_9jv0r1\" id=\"field_9jv0r1_label\" class=\"frm_primary_label\">Mensagem\r\n\t\t<span class=\"frm_required\" aria-hidden=\"true\">*<\/span>\r\n\t<\/label>\r\n\t<textarea name=\"item_meta[5]\" id=\"field_9jv0r1\" rows=\"5\"  data-reqmsg=\"O Mensagem n\u00e3o pode ficar em branco.\" aria-required=\"true\" data-invmsg=\"Mensagem \u00e9 inv\u00e1lido\" aria-invalid=\"false\"  ><\/textarea>\r\n\t\r\n\t\r\n<\/div>\n<div id=\"frm_field_6_container\" class=\"frm_form_field form-field \">\r\n\t<div class=\"frm_submit frm_flex\">\r\n<button class=\"frm_button_submit\" type=\"submit\"  >Enviar<\/button>\r\n\r\n\r\n\r\n<\/div>\r\n<\/div>\n\t<input type=\"hidden\" name=\"item_key\" value=\"\" \/>\n\t\t\t<div id=\"frm_field_8_container\">\n\t\t\t<label for=\"field_qe0t1\" >\n\t\t\t\tSe voc\u00ea \u00e9 humano, deixe este campo em branco.\t\t\t<\/label>\n\t\t\t<input  id=\"field_qe0t1\" type=\"text\" class=\"frm_form_field form-field frm_verify\" name=\"item_meta[8]\" value=\"\"  \/>\n\t\t<\/div>\n\t\t<input name=\"frm_state\" type=\"hidden\" value=\"hJ4sleSeut0tpqVsB8iQ15SpR1vcYqmSm8IwBCvms98=\" \/><\/div>\n<\/fieldset>\n<\/div>\n\n<p style=\"display: none !important;\" class=\"akismet-fields-container\" data-prefix=\"ak_\"><label>&#916;<textarea name=\"ak_hp_textarea\" cols=\"45\" rows=\"8\" maxlength=\"100\"><\/textarea><\/label><input type=\"hidden\" id=\"ak_js_1\" name=\"ak_js\" value=\"143\"\/><script>document.getElementById( \"ak_js_1\" ).setAttribute( \"value\", ( new Date() ).getTime() );<\/script><\/p><\/form>\n<\/div>\n\t\t\t\t<\/div>\n\t\t\t\t<\/div>\n\t\t\t\t<\/div>\n\t\t\t\t<\/div>\n\t\t\t\t<\/div>\n\t\t\t\t\t<\/div>\n\t\t\t\t<\/div>\n\t\t<div class=\"elementor-element elementor-element-cf6c13b e-flex e-con-boxed e-con e-parent\" data-id=\"cf6c13b\" data-element_type=\"container\" data-settings=\"{&quot;background_background&quot;:&quot;classic&quot;}\">\n\t\t\t\t\t<div class=\"e-con-inner\">\n\t\t<div class=\"elementor-element elementor-element-01b600e e-con-full e-flex e-con e-child\" data-id=\"01b600e\" data-element_type=\"container\">\n\t\t<div class=\"elementor-element elementor-element-22a3ebd e-con-full e-flex e-con e-child\" data-id=\"22a3ebd\" data-element_type=\"container\" data-settings=\"{&quot;position&quot;:&quot;absolute&quot;}\">\n\t\t\t\t<div class=\"elementor-element elementor-element-3b02643 elementor-widget elementor-widget-google_maps\" data-id=\"3b02643\" data-element_type=\"widget\" data-widget_type=\"google_maps.default\">\n\t\t\t\t<div class=\"elementor-widget-container\">\n\t\t\t\t\t\t\t<div class=\"elementor-custom-embed\">\n\t\t\t<iframe loading=\"lazy\"\n\t\t\t\t\tsrc=\"https:\/\/maps.google.com\/maps?q=R.%20Alzira%20Lopes%20de%20Souza%2C%20286%20-%20Ipiranga%2C%20Te%C3%B3filo%20Otoni%20-%20MG%2C%2039801-013%2C%20Brasil&#038;t=m&#038;z=16&#038;output=embed&#038;iwloc=near\"\n\t\t\t\t\ttitle=\"R. Alzira Lopes de Souza, 286 - Ipiranga, Te\u00f3filo Otoni - MG, 39801-013, Brasil\"\n\t\t\t\t\taria-label=\"R. Alzira Lopes de Souza, 286 - Ipiranga, Te\u00f3filo Otoni - MG, 39801-013, Brasil\"\n\t\t\t><\/iframe>\n\t\t<\/div>\n\t\t\t\t\t\t<\/div>\n\t\t\t\t<\/div>\n\t\t\t\t<\/div>\n\t\t<div class=\"elementor-element elementor-element-5a5b16f e-con-full e-flex e-con e-child\" data-id=\"5a5b16f\" data-element_type=\"container\">\n\t\t\t\t<div class=\"elementor-element elementor-element-1b10deb elementor-widget elementor-widget-heading\" data-id=\"1b10deb\" data-element_type=\"widget\" data-widget_type=\"heading.default\">\n\t\t\t\t<div class=\"elementor-widget-container\">\n\t\t\t\t\t<p class=\"elementor-heading-title elementor-size-default\">Canais de Atendimento<\/p>\t\t\t\t<\/div>\n\t\t\t\t<\/div>\n\t\t\t\t<div class=\"elementor-element elementor-element-a617c1c elementor-widget elementor-widget-text-editor\" data-id=\"a617c1c\" data-element_type=\"widget\" data-widget_type=\"text-editor.default\">\n\t\t\t\t<div class=\"elementor-widget-container\">\n\t\t\t\t\t\t\t\t\t<p>Telefone:\/WhatsApp: (33) 3521-0945<\/p>\n\n<p>Atendimento: Seg a Qui, das 08h \u00e0s 18h \/ Sexta, das 08h \u00e0s 17h (Hor\u00e1rio de almo\u00e7o: 12h \u00e0s 14h)<\/p>\n\n<p>E-mail: administrativo@engemexconstrutora.com\nconstrutoraengemex@gmail.com<\/p>\n\n<p>Endere\u00e7o:\nR. Alzira Lopes de Souza, 286 &#8211; Ipiranga,\nTe\u00f3filo Otoni (MG) &#8211; CEP: 39801-013<\/p>\t\t\t\t\t\t\t\t<\/div>\n\t\t\t\t<\/div>\n\t\t\t\t<\/div>\n\t\t\t\t<\/div>\n\t\t\t\t\t<\/div>\n\t\t\t\t<\/div>\n\t\t<div class=\"elementor-element elementor-element-f07c384 e-flex e-con-boxed e-con e-parent\" data-id=\"f07c384\" data-element_type=\"container\" data-settings=\"{&quot;background_background&quot;:&quot;classic&quot;}\">\n\t\t\t\t\t<div class=\"e-con-inner\">\n\t\t\t\t\t<\/div>\n\t\t\t\t<\/div>\n\t\t\t\t<\/div>\n\t\t","protected":false},"excerpt":{"rendered":"<p>Fale com a Engemex Tire d\u00favidas, solicite or\u00e7amentos ou agende uma visita. Estamos prontos para atender voc\u00ea. Nos envie uma mensagem! Preencha o formul\u00e1rio ao lado e nossa equipe entrar\u00e1 em contato o mais breve poss\u00edvel. Estamos \u00e0 disposi\u00e7\u00e3o para esclarecer d\u00favidas, oferecer suporte ou preparar um or\u00e7amento sob medida para seu projeto. Contato Nome [&hellip;]<\/p>\n","protected":false},"author":1,"featured_media":0,"parent":0,"menu_order":0,"comment_status":"closed","ping_status":"closed","template":"elementor_header_footer","meta":{"_eb_attr":"","footnotes":""},"class_list":["post-410","page","type-page","status-publish","hentry"],"_links":{"self":[{"href":"https:\/\/engemexconstrutora.com\/index.php?rest_route=\/wp\/v2\/pages\/410","targetHints":{"allow":["GET"]}}],"collection":[{"href":"https:\/\/engemexconstrutora.com\/index.php?rest_route=\/wp\/v2\/pages"}],"about":[{"href":"https:\/\/engemexconstrutora.com\/index.php?rest_route=\/wp\/v2\/types\/page"}],"author":[{"embeddable":true,"href":"https:\/\/engemexconstrutora.com\/index.php?rest_route=\/wp\/v2\/users\/1"}],"replies":[{"embeddable":true,"href":"https:\/\/engemexconstrutora.com\/index.php?rest_route=%2Fwp%2Fv2%2Fcomments&post=410"}],"version-history":[{"count":38,"href":"https:\/\/engemexconstrutora.com\/index.php?rest_route=\/wp\/v2\/pages\/410\/revisions"}],"predecessor-version":[{"id":513,"href":"https:\/\/engemexconstrutora.com\/index.php?rest_route=\/wp\/v2\/pages\/410\/revisions\/513"}],"wp:attachment":[{"href":"https:\/\/engemexconstrutora.com\/index.php?rest_route=%2Fwp%2Fv2%2Fmedia&parent=410"}],"curies":[{"name":"wp","href":"https:\/\/api.w.org\/{rel}","templated":true}]}}